{"id":2245,"date":"2024-12-09T07:38:07","date_gmt":"2024-12-09T07:38:07","guid":{"rendered":"https:\/\/expertbcn.com\/?post_type=product&#038;p=2245"},"modified":"2025-05-02T12:31:14","modified_gmt":"2025-05-02T12:31:14","slug":"preben-laca-insecticida","status":"publish","type":"product","link":"https:\/\/expertbcn.com\/ca\/producte\/preben-laca-insecticida\/","title":{"rendered":"PREBEN laca insecticida"},"content":{"rendered":"<p>Laca insecticida envasada en aerosol y especialmente indicada para el control de cucarachas, hormigas, tijeretas, lepismas (pececillos de plata), ara\u00f1as y dem\u00e1s insectos rastreros.<br \/>\nTiene un efecto inmediato y una prolongada duraci\u00f3n residual: forma una barrera que puede durar varios meses.<br \/>\nAerosol con c\u00e1nula* para llegar a espacios escondidos: detr\u00e1s de la nevera, bajo la lavadora, grietas y rendijas, etc. (* s\u00f3lo en el formato 600 ml)<br \/>\nOlor suave.<\/p>\n","protected":false},"excerpt":{"rendered":"<p>Laca insecticida envasada en aerosol y especialmente indicada para el control de cucarachas, hormigas, tijeretas, lepismas (pececillos de plata), ara\u00f1as [&hellip;]<\/p>\n","protected":false},"featured_media":2253,"comment_status":"open","ping_status":"closed","template":"","meta":{"_acf_changed":false,"site-sidebar-layout":"default","site-content-layout":"","ast-site-content-layout":"default","site-content-style":"default","site-sidebar-style":"default","ast-global-header-display":"","ast-banner-title-visibility":"","ast-main-header-display":"","ast-hfb-above-header-display":"","ast-hfb-below-header-display":"","ast-hfb-mobile-header-display":"","site-post-title":"","ast-breadcrumbs-content":"","ast-featured-img":"","footer-sml-layout":"","ast-disable-related-posts":"","theme-transparent-header-meta":"default","adv-header-id-meta":"","stick-header-meta":"","header-above-stick-meta":"","header-main-stick-meta":"","header-below-stick-meta":"","astra-migrate-meta-layouts":"set","ast-page-background-enabled":"default","ast-page-background-meta":{"desktop":{"background-color":"var(--ast-global-color-4)","background-image":"","background-repeat":"repeat","background-position":"center center","background-size":"auto","background-attachment":"scroll","background-type":"","background-media":"","overlay-type":"","overlay-color":"","overlay-opacity":"","overlay-gradient":""},"tablet":{"background-color":"","background-image":"","background-repeat":"repeat","background-position":"center center","background-size":"auto","background-attachment":"scroll","background-type":"","background-media":"","overlay-type":"","overlay-color":"","overlay-opacity":"","overlay-gradient":""},"mobile":{"background-color":"","background-image":"","background-repeat":"repeat","background-position":"center center","background-size":"auto","background-attachment":"scroll","background-type":"","background-media":"","overlay-type":"","overlay-color":"","overlay-opacity":"","overlay-gradient":""}},"ast-content-background-meta":{"desktop":{"background-color":"var(--ast-global-color-5)","background-image":"","background-repeat":"repeat","background-position":"center center","background-size":"auto","background-attachment":"scroll","background-type":"","background-media":"","overlay-type":"","overlay-color":"","overlay-opacity":"","overlay-gradient":""},"tablet":{"background-color":"var(--ast-global-color-5)","background-image":"","background-repeat":"repeat","background-position":"center center","background-size":"auto","background-attachment":"scroll","background-type":"","background-media":"","overlay-type":"","overlay-color":"","overlay-opacity":"","overlay-gradient":""},"mobile":{"background-color":"var(--ast-global-color-5)","background-image":"","background-repeat":"repeat","background-position":"center center","background-size":"auto","background-attachment":"scroll","background-type":"","background-media":"","overlay-type":"","overlay-color":"","overlay-opacity":"","overlay-gradient":""}}},"product_brand":[],"product_cat":[20],"product_tag":[],"class_list":{"0":"post-2245","1":"product","2":"type-product","3":"status-publish","4":"has-post-thumbnail","6":"product_cat-uncategorized","7":"desktop-align-left","8":"tablet-align-left","9":"mobile-align-left","11":"first","12":"instock","13":"shipping-taxable","14":"purchasable","15":"product-type-simple"},"acf":[],"yoast_head":"<!-- This site is optimized with the Yoast SEO plugin v27.5 - https:\/\/yoast.com\/product\/yoast-seo-wordpress\/ -->\n<title>PREBEN laca insecticida - Expert Traitment<\/title>\n<meta name=\"robots\" content=\"index, follow, max-snippet:-1, max-image-preview:large, max-video-preview:-1\" \/>\n<link rel=\"canonical\" href=\"https:\/\/expertbcn.com\/producto\/preben-laca-insecticida\/\" \/>\n<meta property=\"og:locale\" content=\"ca_ES\" \/>\n<meta property=\"og:type\" content=\"article\" \/>\n<meta property=\"og:title\" content=\"PREBEN laca insecticida - Expert Traitment\" \/>\n<meta property=\"og:description\" content=\"Laca insecticida envasada en aerosol y especialmente indicada para el control de cucarachas, hormigas, tijeretas, lepismas (pececillos de plata), ara\u00f1as [&hellip;]\" \/>\n<meta property=\"og:url\" content=\"https:\/\/expertbcn.com\/producto\/preben-laca-insecticida\/\" \/>\n<meta property=\"og:site_name\" content=\"Expert Traitment\" \/>\n<meta property=\"article:modified_time\" content=\"2025-05-02T12:31:14+00:00\" \/>\n<meta property=\"og:image\" content=\"https:\/\/expertbcn.com\/wp-content\/uploads\/2024\/11\/Imagen1.png\" \/>\n\t<meta property=\"og:image:width\" content=\"609\" \/>\n\t<meta property=\"og:image:height\" content=\"812\" \/>\n\t<meta property=\"og:image:type\" content=\"image\/png\" \/>\n<meta name=\"twitter:card\" content=\"summary_large_image\" \/>\n<meta name=\"twitter:label1\" content=\"Temps estimat de lectura\" \/>\n\t<meta name=\"twitter:data1\" content=\"1 minut\" \/>\n<script type=\"application\/ld+json\" class=\"yoast-schema-graph\">{\"@context\":\"https:\\\/\\\/schema.org\",\"@graph\":[{\"@type\":\"WebPage\",\"@id\":\"https:\\\/\\\/expertbcn.com\\\/producto\\\/preben-laca-insecticida\\\/\",\"url\":\"https:\\\/\\\/expertbcn.com\\\/producto\\\/preben-laca-insecticida\\\/\",\"name\":\"PREBEN laca insecticida - Expert Traitment\",\"isPartOf\":{\"@id\":\"https:\\\/\\\/expertbcn.com\\\/#website\"},\"primaryImageOfPage\":{\"@id\":\"https:\\\/\\\/expertbcn.com\\\/producto\\\/preben-laca-insecticida\\\/#primaryimage\"},\"image\":{\"@id\":\"https:\\\/\\\/expertbcn.com\\\/producto\\\/preben-laca-insecticida\\\/#primaryimage\"},\"thumbnailUrl\":\"https:\\\/\\\/expertbcn.com\\\/wp-content\\\/uploads\\\/2024\\\/11\\\/Imagen1.png\",\"datePublished\":\"2024-12-09T07:38:07+00:00\",\"dateModified\":\"2025-05-02T12:31:14+00:00\",\"breadcrumb\":{\"@id\":\"https:\\\/\\\/expertbcn.com\\\/producto\\\/preben-laca-insecticida\\\/#breadcrumb\"},\"inLanguage\":\"ca\",\"potentialAction\":[{\"@type\":\"ReadAction\",\"target\":[\"https:\\\/\\\/expertbcn.com\\\/producto\\\/preben-laca-insecticida\\\/\"]}]},{\"@type\":\"ImageObject\",\"inLanguage\":\"ca\",\"@id\":\"https:\\\/\\\/expertbcn.com\\\/producto\\\/preben-laca-insecticida\\\/#primaryimage\",\"url\":\"https:\\\/\\\/expertbcn.com\\\/wp-content\\\/uploads\\\/2024\\\/11\\\/Imagen1.png\",\"contentUrl\":\"https:\\\/\\\/expertbcn.com\\\/wp-content\\\/uploads\\\/2024\\\/11\\\/Imagen1.png\",\"width\":609,\"height\":812},{\"@type\":\"BreadcrumbList\",\"@id\":\"https:\\\/\\\/expertbcn.com\\\/producto\\\/preben-laca-insecticida\\\/#breadcrumb\",\"itemListElement\":[{\"@type\":\"ListItem\",\"position\":1,\"name\":\"Home\",\"item\":\"https:\\\/\\\/expertbcn.com\\\/ca\\\/inici\\\/\"},{\"@type\":\"ListItem\",\"position\":2,\"name\":\"Shop\",\"item\":\"https:\\\/\\\/expertbcn.com\\\/ca\\\/shop\\\/\"},{\"@type\":\"ListItem\",\"position\":3,\"name\":\"PREBEN laca insecticida\"}]},{\"@type\":\"WebSite\",\"@id\":\"https:\\\/\\\/expertbcn.com\\\/#website\",\"url\":\"https:\\\/\\\/expertbcn.com\\\/\",\"name\":\"Expert Traitment\",\"description\":\"\",\"publisher\":{\"@id\":\"https:\\\/\\\/expertbcn.com\\\/#organization\"},\"potentialAction\":[{\"@type\":\"SearchAction\",\"target\":{\"@type\":\"EntryPoint\",\"urlTemplate\":\"https:\\\/\\\/expertbcn.com\\\/?s={search_term_string}\"},\"query-input\":{\"@type\":\"PropertyValueSpecification\",\"valueRequired\":true,\"valueName\":\"search_term_string\"}}],\"inLanguage\":\"ca\"},{\"@type\":\"Organization\",\"@id\":\"https:\\\/\\\/expertbcn.com\\\/#organization\",\"name\":\"Expert Traitment\",\"url\":\"https:\\\/\\\/expertbcn.com\\\/\",\"logo\":{\"@type\":\"ImageObject\",\"inLanguage\":\"ca\",\"@id\":\"https:\\\/\\\/expertbcn.com\\\/#\\\/schema\\\/logo\\\/image\\\/\",\"url\":\"https:\\\/\\\/expertbcn.com\\\/wp-content\\\/uploads\\\/2024\\\/04\\\/Recurso-9@4x.png\",\"contentUrl\":\"https:\\\/\\\/expertbcn.com\\\/wp-content\\\/uploads\\\/2024\\\/04\\\/Recurso-9@4x.png\",\"width\":1137,\"height\":379,\"caption\":\"Expert Traitment\"},\"image\":{\"@id\":\"https:\\\/\\\/expertbcn.com\\\/#\\\/schema\\\/logo\\\/image\\\/\"}}]}<\/script>\n<!-- \/ Yoast SEO plugin. -->","yoast_head_json":{"title":"PREBEN laca insecticida - Expert Traitment","robots":{"index":"index","follow":"follow","max-snippet":"max-snippet:-1","max-image-preview":"max-image-preview:large","max-video-preview":"max-video-preview:-1"},"canonical":"https:\/\/expertbcn.com\/producto\/preben-laca-insecticida\/","og_locale":"ca_ES","og_type":"article","og_title":"PREBEN laca insecticida - Expert Traitment","og_description":"Laca insecticida envasada en aerosol y especialmente indicada para el control de cucarachas, hormigas, tijeretas, lepismas (pececillos de plata), ara\u00f1as [&hellip;]","og_url":"https:\/\/expertbcn.com\/producto\/preben-laca-insecticida\/","og_site_name":"Expert Traitment","article_modified_time":"2025-05-02T12:31:14+00:00","og_image":[{"width":609,"height":812,"url":"https:\/\/expertbcn.com\/wp-content\/uploads\/2024\/11\/Imagen1.png","type":"image\/png"}],"twitter_card":"summary_large_image","twitter_misc":{"Temps estimat de lectura":"1 minut"},"schema":{"@context":"https:\/\/schema.org","@graph":[{"@type":"WebPage","@id":"https:\/\/expertbcn.com\/producto\/preben-laca-insecticida\/","url":"https:\/\/expertbcn.com\/producto\/preben-laca-insecticida\/","name":"PREBEN laca insecticida - Expert Traitment","isPartOf":{"@id":"https:\/\/expertbcn.com\/#website"},"primaryImageOfPage":{"@id":"https:\/\/expertbcn.com\/producto\/preben-laca-insecticida\/#primaryimage"},"image":{"@id":"https:\/\/expertbcn.com\/producto\/preben-laca-insecticida\/#primaryimage"},"thumbnailUrl":"https:\/\/expertbcn.com\/wp-content\/uploads\/2024\/11\/Imagen1.png","datePublished":"2024-12-09T07:38:07+00:00","dateModified":"2025-05-02T12:31:14+00:00","breadcrumb":{"@id":"https:\/\/expertbcn.com\/producto\/preben-laca-insecticida\/#breadcrumb"},"inLanguage":"ca","potentialAction":[{"@type":"ReadAction","target":["https:\/\/expertbcn.com\/producto\/preben-laca-insecticida\/"]}]},{"@type":"ImageObject","inLanguage":"ca","@id":"https:\/\/expertbcn.com\/producto\/preben-laca-insecticida\/#primaryimage","url":"https:\/\/expertbcn.com\/wp-content\/uploads\/2024\/11\/Imagen1.png","contentUrl":"https:\/\/expertbcn.com\/wp-content\/uploads\/2024\/11\/Imagen1.png","width":609,"height":812},{"@type":"BreadcrumbList","@id":"https:\/\/expertbcn.com\/producto\/preben-laca-insecticida\/#breadcrumb","itemListElement":[{"@type":"ListItem","position":1,"name":"Home","item":"https:\/\/expertbcn.com\/ca\/inici\/"},{"@type":"ListItem","position":2,"name":"Shop","item":"https:\/\/expertbcn.com\/ca\/shop\/"},{"@type":"ListItem","position":3,"name":"PREBEN laca insecticida"}]},{"@type":"WebSite","@id":"https:\/\/expertbcn.com\/#website","url":"https:\/\/expertbcn.com\/","name":"Expert Traitment","description":"","publisher":{"@id":"https:\/\/expertbcn.com\/#organization"},"potentialAction":[{"@type":"SearchAction","target":{"@type":"EntryPoint","urlTemplate":"https:\/\/expertbcn.com\/?s={search_term_string}"},"query-input":{"@type":"PropertyValueSpecification","valueRequired":true,"valueName":"search_term_string"}}],"inLanguage":"ca"},{"@type":"Organization","@id":"https:\/\/expertbcn.com\/#organization","name":"Expert Traitment","url":"https:\/\/expertbcn.com\/","logo":{"@type":"ImageObject","inLanguage":"ca","@id":"https:\/\/expertbcn.com\/#\/schema\/logo\/image\/","url":"https:\/\/expertbcn.com\/wp-content\/uploads\/2024\/04\/Recurso-9@4x.png","contentUrl":"https:\/\/expertbcn.com\/wp-content\/uploads\/2024\/04\/Recurso-9@4x.png","width":1137,"height":379,"caption":"Expert Traitment"},"image":{"@id":"https:\/\/expertbcn.com\/#\/schema\/logo\/image\/"}}]}},"_links":{"self":[{"href":"https:\/\/expertbcn.com\/ca\/wp-json\/wp\/v2\/product\/2245","targetHints":{"allow":["GET"]}}],"collection":[{"href":"https:\/\/expertbcn.com\/ca\/wp-json\/wp\/v2\/product"}],"about":[{"href":"https:\/\/expertbcn.com\/ca\/wp-json\/wp\/v2\/types\/product"}],"replies":[{"embeddable":true,"href":"https:\/\/expertbcn.com\/ca\/wp-json\/wp\/v2\/comments?post=2245"}],"wp:featuredmedia":[{"embeddable":true,"href":"https:\/\/expertbcn.com\/ca\/wp-json\/wp\/v2\/media\/2253"}],"wp:attachment":[{"href":"https:\/\/expertbcn.com\/ca\/wp-json\/wp\/v2\/media?parent=2245"}],"wp:term":[{"taxonomy":"product_brand","embeddable":true,"href":"https:\/\/expertbcn.com\/ca\/wp-json\/wp\/v2\/product_brand?post=2245"},{"taxonomy":"product_cat","embeddable":true,"href":"https:\/\/expertbcn.com\/ca\/wp-json\/wp\/v2\/product_cat?post=2245"},{"taxonomy":"product_tag","embeddable":true,"href":"https:\/\/expertbcn.com\/ca\/wp-json\/wp\/v2\/product_tag?post=2245"}],"curies":[{"name":"wp","href":"https:\/\/api.w.org\/{rel}","templated":true}]}}