{"id":1962,"date":"2024-09-06T09:56:18","date_gmt":"2024-09-06T09:56:18","guid":{"rendered":"https:\/\/expertbcn.com\/product\/masterlac-new-masterlac-aerosol\/"},"modified":"2024-09-06T09:56:18","modified_gmt":"2024-09-06T09:56:18","slug":"masterlac-new-masterlac-aerosol","status":"publish","type":"product","link":"https:\/\/expertbcn.com\/ca\/producte\/masterlac-new-masterlac-aerosol\/","title":{"rendered":"MASTERLAC\u00ae New Masterlac Aerosol"},"content":{"rendered":"<p>Efic\u00e0cia total i fins a 1 any amb una sola aplicaci\u00f3. Contra tota mena d&#8217;insectes r\u00e8ptils (paneroles, formigues, aranyes, peix de plata, puces, xinxes). Est\u00e0 formulat amb propietats professionals en forma de laca per a \u00fas en la llar. MASTERLAC crea una barrera protectora invisible i elimina els insectes per contacte. L&#8217;efecte \u00e9s instantani, i la seua efic\u00e0cia de llarga duraci\u00f3. Efic\u00e0cia extraordin\u00e0ria, t\u00e9 tamb\u00e9 acci\u00f3 larvicida, elimina les larves dels insectes evitant aix\u00ed noves infestacions. Env\u00e0s: 750 ml      <\/p>\n","protected":false},"excerpt":{"rendered":"<p>Efic\u00e0cia total i fins a 1 any amb una sola aplicaci\u00f3. Contra tota mena d&#8217;insectes r\u00e8ptils (paneroles, formigues, aranyes, peix [&hellip;]<\/p>\n","protected":false},"featured_media":1876,"comment_status":"open","ping_status":"closed","template":"","meta":{"_acf_changed":false,"site-sidebar-layout":"default","site-content-layout":"","ast-site-content-layout":"default","site-content-style":"default","site-sidebar-style":"default","ast-global-header-display":"","ast-banner-title-visibility":"","ast-main-header-display":"","ast-hfb-above-header-display":"","ast-hfb-below-header-display":"","ast-hfb-mobile-header-display":"","site-post-title":"","ast-breadcrumbs-content":"","ast-featured-img":"","footer-sml-layout":"","ast-disable-related-posts":"","theme-transparent-header-meta":"default","adv-header-id-meta":"","stick-header-meta":"","header-above-stick-meta":"","header-main-stick-meta":"","header-below-stick-meta":"","astra-migrate-meta-layouts":"default","ast-page-background-enabled":"default","ast-page-background-meta":{"desktop":{"background-color":"var(--ast-global-color-4)","background-image":"","background-repeat":"repeat","background-position":"center center","background-size":"auto","background-attachment":"scroll","background-type":"","background-media":"","overlay-type":"","overlay-color":"","overlay-opacity":"","overlay-gradient":""},"tablet":{"background-color":"","background-image":"","background-repeat":"repeat","background-position":"center center","background-size":"auto","background-attachment":"scroll","background-type":"","background-media":"","overlay-type":"","overlay-color":"","overlay-opacity":"","overlay-gradient":""},"mobile":{"background-color":"","background-image":"","background-repeat":"repeat","background-position":"center center","background-size":"auto","background-attachment":"scroll","background-type":"","background-media":"","overlay-type":"","overlay-color":"","overlay-opacity":"","overlay-gradient":""}},"ast-content-background-meta":{"desktop":{"background-color":"var(--ast-global-color-5)","background-image":"","background-repeat":"repeat","background-position":"center center","background-size":"auto","background-attachment":"scroll","background-type":"","background-media":"","overlay-type":"","overlay-color":"","overlay-opacity":"","overlay-gradient":""},"tablet":{"background-color":"var(--ast-global-color-5)","background-image":"","background-repeat":"repeat","background-position":"center center","background-size":"auto","background-attachment":"scroll","background-type":"","background-media":"","overlay-type":"","overlay-color":"","overlay-opacity":"","overlay-gradient":""},"mobile":{"background-color":"var(--ast-global-color-5)","background-image":"","background-repeat":"repeat","background-position":"center center","background-size":"auto","background-attachment":"scroll","background-type":"","background-media":"","overlay-type":"","overlay-color":"","overlay-opacity":"","overlay-gradient":""}}},"product_brand":[],"product_cat":[33],"product_tag":[],"class_list":{"0":"post-1962","1":"product","2":"type-product","3":"status-publish","4":"has-post-thumbnail","6":"product_cat-sin-categorizar","7":"desktop-align-left","8":"tablet-align-left","9":"mobile-align-left","11":"first","12":"instock","13":"shipping-taxable","14":"purchasable","15":"product-type-simple"},"acf":[],"yoast_head":"<!-- This site is optimized with the Yoast SEO plugin v26.7 - https:\/\/yoast.com\/wordpress\/plugins\/seo\/ -->\n<title>MASTERLAC\u00ae New Masterlac Aerosol - Expert Traitment<\/title>\n<meta name=\"robots\" content=\"index, follow, max-snippet:-1, max-image-preview:large, max-video-preview:-1\" \/>\n<link rel=\"canonical\" href=\"https:\/\/expertbcn.com\/producte\/masterlac-new-masterlac-aerosol\/\" \/>\n<meta property=\"og:locale\" content=\"ca_ES\" \/>\n<meta property=\"og:type\" content=\"article\" \/>\n<meta property=\"og:title\" content=\"MASTERLAC\u00ae New Masterlac Aerosol - Expert Traitment\" \/>\n<meta property=\"og:description\" content=\"Efic\u00e0cia total i fins a 1 any amb una sola aplicaci\u00f3. Contra tota mena d&#8217;insectes r\u00e8ptils (paneroles, formigues, aranyes, peix [&hellip;]\" \/>\n<meta property=\"og:url\" content=\"https:\/\/expertbcn.com\/producte\/masterlac-new-masterlac-aerosol\/\" \/>\n<meta property=\"og:site_name\" content=\"Expert Traitment\" \/>\n<meta property=\"og:image\" content=\"https:\/\/expertbcn.com\/wp-content\/uploads\/2024\/09\/MASTERLAC_New.png\" \/>\n\t<meta property=\"og:image:width\" content=\"561\" \/>\n\t<meta property=\"og:image:height\" content=\"748\" \/>\n\t<meta property=\"og:image:type\" content=\"image\/png\" \/>\n<meta name=\"twitter:card\" content=\"summary_large_image\" \/>\n<script type=\"application\/ld+json\" class=\"yoast-schema-graph\">{\"@context\":\"https:\/\/schema.org\",\"@graph\":[{\"@type\":\"WebPage\",\"@id\":\"https:\/\/expertbcn.com\/producte\/masterlac-new-masterlac-aerosol\/\",\"url\":\"https:\/\/expertbcn.com\/producte\/masterlac-new-masterlac-aerosol\/\",\"name\":\"MASTERLAC\u00ae New Masterlac Aerosol - Expert Traitment\",\"isPartOf\":{\"@id\":\"https:\/\/expertbcn.com\/#website\"},\"primaryImageOfPage\":{\"@id\":\"https:\/\/expertbcn.com\/producte\/masterlac-new-masterlac-aerosol\/#primaryimage\"},\"image\":{\"@id\":\"https:\/\/expertbcn.com\/producte\/masterlac-new-masterlac-aerosol\/#primaryimage\"},\"thumbnailUrl\":\"https:\/\/expertbcn.com\/wp-content\/uploads\/2024\/09\/MASTERLAC_New.png\",\"datePublished\":\"2024-09-06T09:56:18+00:00\",\"breadcrumb\":{\"@id\":\"https:\/\/expertbcn.com\/producte\/masterlac-new-masterlac-aerosol\/#breadcrumb\"},\"inLanguage\":\"ca\",\"potentialAction\":[{\"@type\":\"ReadAction\",\"target\":[\"https:\/\/expertbcn.com\/producte\/masterlac-new-masterlac-aerosol\/\"]}]},{\"@type\":\"ImageObject\",\"inLanguage\":\"ca\",\"@id\":\"https:\/\/expertbcn.com\/producte\/masterlac-new-masterlac-aerosol\/#primaryimage\",\"url\":\"https:\/\/expertbcn.com\/wp-content\/uploads\/2024\/09\/MASTERLAC_New.png\",\"contentUrl\":\"https:\/\/expertbcn.com\/wp-content\/uploads\/2024\/09\/MASTERLAC_New.png\",\"width\":561,\"height\":748},{\"@type\":\"BreadcrumbList\",\"@id\":\"https:\/\/expertbcn.com\/producte\/masterlac-new-masterlac-aerosol\/#breadcrumb\",\"itemListElement\":[{\"@type\":\"ListItem\",\"position\":1,\"name\":\"Home\",\"item\":\"https:\/\/expertbcn.com\/ca\/inici\/\"},{\"@type\":\"ListItem\",\"position\":2,\"name\":\"Shop\",\"item\":\"https:\/\/expertbcn.com\/ca\/shop\/\"},{\"@type\":\"ListItem\",\"position\":3,\"name\":\"MASTERLAC\u00ae New Masterlac Aerosol\"}]},{\"@type\":\"WebSite\",\"@id\":\"https:\/\/expertbcn.com\/#website\",\"url\":\"https:\/\/expertbcn.com\/\",\"name\":\"Expert Traitment\",\"description\":\"\",\"publisher\":{\"@id\":\"https:\/\/expertbcn.com\/#organization\"},\"potentialAction\":[{\"@type\":\"SearchAction\",\"target\":{\"@type\":\"EntryPoint\",\"urlTemplate\":\"https:\/\/expertbcn.com\/?s={search_term_string}\"},\"query-input\":{\"@type\":\"PropertyValueSpecification\",\"valueRequired\":true,\"valueName\":\"search_term_string\"}}],\"inLanguage\":\"ca\"},{\"@type\":\"Organization\",\"@id\":\"https:\/\/expertbcn.com\/#organization\",\"name\":\"Expert Traitment\",\"url\":\"https:\/\/expertbcn.com\/\",\"logo\":{\"@type\":\"ImageObject\",\"inLanguage\":\"ca\",\"@id\":\"https:\/\/expertbcn.com\/#\/schema\/logo\/image\/\",\"url\":\"https:\/\/expertbcn.com\/wp-content\/uploads\/2024\/04\/Recurso-9@4x.png\",\"contentUrl\":\"https:\/\/expertbcn.com\/wp-content\/uploads\/2024\/04\/Recurso-9@4x.png\",\"width\":1137,\"height\":379,\"caption\":\"Expert Traitment\"},\"image\":{\"@id\":\"https:\/\/expertbcn.com\/#\/schema\/logo\/image\/\"}}]}<\/script>\n<!-- \/ Yoast SEO plugin. -->","yoast_head_json":{"title":"MASTERLAC\u00ae New Masterlac Aerosol - Expert Traitment","robots":{"index":"index","follow":"follow","max-snippet":"max-snippet:-1","max-image-preview":"max-image-preview:large","max-video-preview":"max-video-preview:-1"},"canonical":"https:\/\/expertbcn.com\/producte\/masterlac-new-masterlac-aerosol\/","og_locale":"ca_ES","og_type":"article","og_title":"MASTERLAC\u00ae New Masterlac Aerosol - Expert Traitment","og_description":"Efic\u00e0cia total i fins a 1 any amb una sola aplicaci\u00f3. Contra tota mena d&#8217;insectes r\u00e8ptils (paneroles, formigues, aranyes, peix [&hellip;]","og_url":"https:\/\/expertbcn.com\/producte\/masterlac-new-masterlac-aerosol\/","og_site_name":"Expert Traitment","og_image":[{"width":561,"height":748,"url":"https:\/\/expertbcn.com\/wp-content\/uploads\/2024\/09\/MASTERLAC_New.png","type":"image\/png"}],"twitter_card":"summary_large_image","schema":{"@context":"https:\/\/schema.org","@graph":[{"@type":"WebPage","@id":"https:\/\/expertbcn.com\/producte\/masterlac-new-masterlac-aerosol\/","url":"https:\/\/expertbcn.com\/producte\/masterlac-new-masterlac-aerosol\/","name":"MASTERLAC\u00ae New Masterlac Aerosol - Expert Traitment","isPartOf":{"@id":"https:\/\/expertbcn.com\/#website"},"primaryImageOfPage":{"@id":"https:\/\/expertbcn.com\/producte\/masterlac-new-masterlac-aerosol\/#primaryimage"},"image":{"@id":"https:\/\/expertbcn.com\/producte\/masterlac-new-masterlac-aerosol\/#primaryimage"},"thumbnailUrl":"https:\/\/expertbcn.com\/wp-content\/uploads\/2024\/09\/MASTERLAC_New.png","datePublished":"2024-09-06T09:56:18+00:00","breadcrumb":{"@id":"https:\/\/expertbcn.com\/producte\/masterlac-new-masterlac-aerosol\/#breadcrumb"},"inLanguage":"ca","potentialAction":[{"@type":"ReadAction","target":["https:\/\/expertbcn.com\/producte\/masterlac-new-masterlac-aerosol\/"]}]},{"@type":"ImageObject","inLanguage":"ca","@id":"https:\/\/expertbcn.com\/producte\/masterlac-new-masterlac-aerosol\/#primaryimage","url":"https:\/\/expertbcn.com\/wp-content\/uploads\/2024\/09\/MASTERLAC_New.png","contentUrl":"https:\/\/expertbcn.com\/wp-content\/uploads\/2024\/09\/MASTERLAC_New.png","width":561,"height":748},{"@type":"BreadcrumbList","@id":"https:\/\/expertbcn.com\/producte\/masterlac-new-masterlac-aerosol\/#breadcrumb","itemListElement":[{"@type":"ListItem","position":1,"name":"Home","item":"https:\/\/expertbcn.com\/ca\/inici\/"},{"@type":"ListItem","position":2,"name":"Shop","item":"https:\/\/expertbcn.com\/ca\/shop\/"},{"@type":"ListItem","position":3,"name":"MASTERLAC\u00ae New Masterlac Aerosol"}]},{"@type":"WebSite","@id":"https:\/\/expertbcn.com\/#website","url":"https:\/\/expertbcn.com\/","name":"Expert Traitment","description":"","publisher":{"@id":"https:\/\/expertbcn.com\/#organization"},"potentialAction":[{"@type":"SearchAction","target":{"@type":"EntryPoint","urlTemplate":"https:\/\/expertbcn.com\/?s={search_term_string}"},"query-input":{"@type":"PropertyValueSpecification","valueRequired":true,"valueName":"search_term_string"}}],"inLanguage":"ca"},{"@type":"Organization","@id":"https:\/\/expertbcn.com\/#organization","name":"Expert Traitment","url":"https:\/\/expertbcn.com\/","logo":{"@type":"ImageObject","inLanguage":"ca","@id":"https:\/\/expertbcn.com\/#\/schema\/logo\/image\/","url":"https:\/\/expertbcn.com\/wp-content\/uploads\/2024\/04\/Recurso-9@4x.png","contentUrl":"https:\/\/expertbcn.com\/wp-content\/uploads\/2024\/04\/Recurso-9@4x.png","width":1137,"height":379,"caption":"Expert Traitment"},"image":{"@id":"https:\/\/expertbcn.com\/#\/schema\/logo\/image\/"}}]}},"_links":{"self":[{"href":"https:\/\/expertbcn.com\/ca\/wp-json\/wp\/v2\/product\/1962","targetHints":{"allow":["GET"]}}],"collection":[{"href":"https:\/\/expertbcn.com\/ca\/wp-json\/wp\/v2\/product"}],"about":[{"href":"https:\/\/expertbcn.com\/ca\/wp-json\/wp\/v2\/types\/product"}],"replies":[{"embeddable":true,"href":"https:\/\/expertbcn.com\/ca\/wp-json\/wp\/v2\/comments?post=1962"}],"wp:featuredmedia":[{"embeddable":true,"href":"https:\/\/expertbcn.com\/ca\/wp-json\/wp\/v2\/media\/1876"}],"wp:attachment":[{"href":"https:\/\/expertbcn.com\/ca\/wp-json\/wp\/v2\/media?parent=1962"}],"wp:term":[{"taxonomy":"product_brand","embeddable":true,"href":"https:\/\/expertbcn.com\/ca\/wp-json\/wp\/v2\/product_brand?post=1962"},{"taxonomy":"product_cat","embeddable":true,"href":"https:\/\/expertbcn.com\/ca\/wp-json\/wp\/v2\/product_cat?post=1962"},{"taxonomy":"product_tag","embeddable":true,"href":"https:\/\/expertbcn.com\/ca\/wp-json\/wp\/v2\/product_tag?post=1962"}],"curies":[{"name":"wp","href":"https:\/\/api.w.org\/{rel}","templated":true}]}}