{"id":1878,"date":"2024-04-24T08:30:07","date_gmt":"2024-04-24T08:30:07","guid":{"rendered":"https:\/\/expertbcn.com\/accessibilitat\/"},"modified":"2024-09-09T16:03:13","modified_gmt":"2024-09-09T16:03:13","slug":"accessibilitat","status":"publish","type":"page","link":"https:\/\/expertbcn.com\/ca\/accessibilitat\/","title":{"rendered":"Accessibilitat"},"content":{"rendered":"\t\t<div data-elementor-type=\"wp-page\" data-elementor-id=\"1878\" class=\"elementor elementor-1878 elementor-154\" data-elementor-post-type=\"page\">\n\t\t\t\t<div class=\"elementor-element elementor-element-796604a e-flex e-con-boxed e-con e-parent\" data-id=\"796604a\" data-element_type=\"container\" data-e-type=\"container\">\n\t\t\t\t\t<div class=\"e-con-inner\">\n\t\t\t\t<div class=\"elementor-element elementor-element-5ba7757 elementor-widget elementor-widget-heading\" data-id=\"5ba7757\" data-element_type=\"widget\" data-e-type=\"widget\" data-widget_type=\"heading.default\">\n\t\t\t\t<div class=\"elementor-widget-container\">\n\t\t\t\t\t<h2 class=\"elementor-heading-title elementor-size-default\">ACCESSIBILITAT<\/h2>\t\t\t\t<\/div>\n\t\t\t\t<\/div>\n\t\t\t\t<div class=\"elementor-element elementor-element-209b5a1 elementor-widget elementor-widget-text-editor\" data-id=\"209b5a1\" data-element_type=\"widget\" data-e-type=\"widget\" data-widget_type=\"text-editor.default\">\n\t\t\t\t<div class=\"elementor-widget-container\">\n\t\t\t\t\t\t\t\t\t<p>Aquesta declaraci\u00f3 d&#8217;accessibilitat s&#8217;aplica al lloc web <strong>expertbcn.com<\/strong><\/p>\n\t\t\t\t\t\t\t\t<\/div>\n\t\t\t\t<\/div>\n\t\t\t\t<div class=\"elementor-element elementor-element-f96d108 elementor-widget elementor-widget-heading\" data-id=\"f96d108\" data-element_type=\"widget\" data-e-type=\"widget\" data-widget_type=\"heading.default\">\n\t\t\t\t<div class=\"elementor-widget-container\">\n\t\t\t\t\t<h2 class=\"elementor-heading-title elementor-size-default\">SITUACI\u00d3 DE COMPLIMENT<\/h2>\t\t\t\t<\/div>\n\t\t\t\t<\/div>\n\t\t\t\t<div class=\"elementor-element elementor-element-5a6d2e0 elementor-widget elementor-widget-text-editor\" data-id=\"5a6d2e0\" data-element_type=\"widget\" data-e-type=\"widget\" data-widget_type=\"text-editor.default\">\n\t\t\t\t<div class=\"elementor-widget-container\">\n\t\t\t\t\t\t\t\t\t<p>Aquest lloc web compleix parcialment amb l&#8217;RD 1112\/2018 a causa d&#8217;excepcions i incompliments. dels aspectes indicats en el punt seg\u00fcent. <\/p>\n\t\t\t\t\t\t\t\t<\/div>\n\t\t\t\t<\/div>\n\t\t\t\t<div class=\"elementor-element elementor-element-8bf9d0f elementor-widget elementor-widget-heading\" data-id=\"8bf9d0f\" data-element_type=\"widget\" data-e-type=\"widget\" data-widget_type=\"heading.default\">\n\t\t\t\t<div class=\"elementor-widget-container\">\n\t\t\t\t\t<h2 class=\"elementor-heading-title elementor-size-default\">CONTINGUT NO ACCESSIBLE<\/h2>\t\t\t\t<\/div>\n\t\t\t\t<\/div>\n\t\t\t\t<div class=\"elementor-element elementor-element-ecd7904 elementor-widget elementor-widget-text-editor\" data-id=\"ecd7904\" data-element_type=\"widget\" data-e-type=\"widget\" data-widget_type=\"text-editor.default\">\n\t\t\t\t<div class=\"elementor-widget-container\">\n\t\t\t\t\t\t\t\t\t<p>El contingut recopilat a continuaci\u00f3 no \u00e9s accessible per a:<\/p>\n<ul>\n<li>Incompliment del RD 1112\/2018<\/li>\n<li>Podria haver-hi alguns aspectes de contrast que no compleixin el m\u00ednim requerit, 3:1, respecte als colors.<br \/>adjacent al fons de<\/li>\n<li>la secci\u00f3 del lloc web en q\u00fcesti\u00f3. [9 .1.4.11 Contrast no textual] <\/li>\n<li>\u00c9s possible que hi hagi alguns elements no textuals que no estiguin etiquetats correctament [2 .5.3 Etiqueta num\u00e8rica] i [4 .1.2 Nombre y valor de la funci\u00f3n]<\/li>\n<li>Els motors de cerca busquen autom\u00e0ticament sense necessitat d&#8217;ordenar cap acci\u00f3 a l&#8217;usuari [3 .2.2 En rebre entrades]<\/li>\n<li>Podria haver-hi alguns textos en un altre idioma no etiquetats correctament [3 .1.2 Idioma de les parts]<\/li>\n<li>Podrien produir-se errors ocasionals d&#8217;edici\u00f3 de codi en algunes p\u00e0gines web. [4 .1.1 Procesamiento]<\/li>\n<li>C\u00e0rrec desproporcionat \u2013 No aplicable.<\/li>\n<li>El contingut no entra dins de l&#8217;\u00e0mbit d&#8217;aplicaci\u00f3 de la legislaci\u00f3 aplicable.<\/li>\n<\/ul>\n\t\t\t\t\t\t\t\t<\/div>\n\t\t\t\t<\/div>\n\t\t\t\t<div class=\"elementor-element elementor-element-f0b8835 elementor-widget elementor-widget-heading\" data-id=\"f0b8835\" data-element_type=\"widget\" data-e-type=\"widget\" data-widget_type=\"heading.default\">\n\t\t\t\t<div class=\"elementor-widget-container\">\n\t\t\t\t\t<h2 class=\"elementor-heading-title elementor-size-default\">PREPARACI\u00d3 DE LA SEG\u00dcENT DECLARACI\u00d3 D'ACCESSIBILITAT<\/h2>\t\t\t\t<\/div>\n\t\t\t\t<\/div>\n\t\t\t\t<div class=\"elementor-element elementor-element-c753c6a elementor-widget elementor-widget-text-editor\" data-id=\"c753c6a\" data-element_type=\"widget\" data-e-type=\"widget\" data-widget_type=\"text-editor.default\">\n\t\t\t\t<div class=\"elementor-widget-container\">\n\t\t\t\t\t\t\t\t\t<p>Aquesta declaraci\u00f3 va ser preparada el 28\/05\/2024.<br \/>El m\u00e8tode utilitzat per a l&#8217;elaboraci\u00f3 de la declaraci\u00f3 va ser una valoraci\u00f3 manual realitzada per AVANCEM AMB VOST\u00c8 S.L. (AVANNUBO).<br \/>La Declaraci\u00f3 d&#8217;Accessibilitat va ser revisada i actualitzada en 28\/05\/2024.<br \/>Si desitja cridar la nostra atenci\u00f3 sobre l&#8217;exist\u00e8ncia d&#8217;un enlla\u00e7 a un lloc web amb contingut que considera inapropiat o il\u00b7legal, pot contactar-nos en info@expertbcn.com<\/p>\n\t\t\t\t\t\t\t\t<\/div>\n\t\t\t\t<\/div>\n\t\t\t\t<div class=\"elementor-element elementor-element-0600c10 elementor-widget elementor-widget-heading\" data-id=\"0600c10\" data-element_type=\"widget\" data-e-type=\"widget\" data-widget_type=\"heading.default\">\n\t\t\t\t<div class=\"elementor-widget-container\">\n\t\t\t\t\t<h2 class=\"elementor-heading-title elementor-size-default\">OBSERVACIONS I DADES DE CONTACTE<\/h2>\t\t\t\t<\/div>\n\t\t\t\t<\/div>\n\t\t\t\t<div class=\"elementor-element elementor-element-0775df5 elementor-widget elementor-widget-text-editor\" data-id=\"0775df5\" data-element_type=\"widget\" data-e-type=\"widget\" data-widget_type=\"text-editor.default\">\n\t\t\t\t<div class=\"elementor-widget-container\">\n\t\t\t\t\t\t\t\t\t<p><span data-contrast=\"none\">Pot realitzar comunicacions sobre requisits d&#8217;accessibilitat\u202f (article 10.2.a de l&#8217;RD 1112\/2018) com, per exemple:<\/span><span data-ccp-props=\"{\"335559739\":384}\"> <\/span><\/p>\n<ul>\n<li data-leveltext=\"\uf0b7\" data-font=\"Symbol\" data-listid=\"5\" data-list-defn-props=\"{\"335552541\":1,\"335559684\":-2,\"335559685\":720,\"335559991\":360,\"469769226\":\"Symbol\",\"469769242\":[8226],\"469777803\":\"left\",\"469777804\":\"\uf0b7\",\"469777815\":\"multilevel\"}\" aria-setsize=\"-1\" data-aria-posinset=\"1\" data-aria-level=\"1\"><span data-contrast=\"none\">Informar sobre qualsevol possible incompliment per part d&#8217;aquest\u202f lloc web.<\/span><span data-ccp-props=\"{\"335559685\":1440}\"> <\/span><\/li>\n<li data-leveltext=\"\uf0b7\" data-font=\"Symbol\" data-listid=\"5\" data-list-defn-props=\"{\"335552541\":1,\"335559684\":-2,\"335559685\":720,\"335559991\":360,\"469769226\":\"Symbol\",\"469769242\":[8226],\"469777803\":\"left\",\"469777804\":\"\uf0b7\",\"469777815\":\"multilevel\"}\" aria-setsize=\"-1\" data-aria-posinset=\"2\" data-aria-level=\"1\"><span data-contrast=\"none\">Transmetre altres dificultats d&#8217;acc\u00e9s al contingut.<\/span><span data-ccp-props=\"{\"335559685\":1440}\"> <\/span><\/li>\n<\/ul>\n<ul>\n<li data-leveltext=\"\uf0b7\" data-font=\"Symbol\" data-listid=\"5\" data-list-defn-props=\"{\"335552541\":1,\"335559684\":-2,\"335559685\":720,\"335559991\":360,\"469769226\":\"Symbol\",\"469769242\":[8226],\"469777803\":\"left\",\"469777804\":\"\uf0b7\",\"469777815\":\"multilevel\"}\" aria-setsize=\"-1\" data-aria-posinset=\"1\" data-aria-level=\"1\"><span data-contrast=\"none\">Formular qualsevol altra consulta o suggeriment de millora relativa a l&#8217;accessibilitat del lloc web.<\/span><span data-ccp-props=\"{\"335559685\":1440}\"> <\/span><\/li>\n<\/ul>\n<p><span data-contrast=\"none\">A trav\u00e9s del n\u00famero de tel\u00e8fon (+34)<\/span> 93 423 52 64<span data-contrast=\"none\">.<\/span><span data-ccp-props=\"{\"335559739\":384}\"> <\/span><\/p>\n<p><span data-contrast=\"none\">Pot presentar:<\/span><span data-ccp-props=\"{\"335559739\":384}\"> <\/span><\/p>\n<ul>\n<li data-leveltext=\"\uf0b7\" data-font=\"Symbol\" data-listid=\"6\" data-list-defn-props=\"{\"335552541\":1,\"335559684\":-2,\"335559685\":720,\"335559991\":360,\"469769226\":\"Symbol\",\"469769242\":[8226],\"469777803\":\"left\",\"469777804\":\"\uf0b7\",\"469777815\":\"multilevel\"}\" aria-setsize=\"-1\" data-aria-posinset=\"2\" data-aria-level=\"1\"><span data-contrast=\"none\">Queixa relativa al compliment dels requisits del RD<\/span><br \/><span data-contrast=\"none\">1112\/2018 o<\/span><span data-ccp-props=\"{\"335559685\":1440}\"> <\/span><\/li>\n<li data-leveltext=\"\uf0b7\" data-font=\"Symbol\" data-listid=\"6\" data-list-defn-props=\"{\"335552541\":1,\"335559684\":-2,\"335559685\":720,\"335559991\":360,\"469769226\":\"Symbol\",\"469769242\":[8226],\"469777803\":\"left\",\"469777804\":\"\uf0b7\",\"469777815\":\"multilevel\"}\" aria-setsize=\"-1\" data-aria-posinset=\"3\" data-aria-level=\"1\"><span data-contrast=\"none\">Sol\u00b7licitud d&#8217;Informaci\u00f3 accessible relativa a:<\/span><span data-ccp-props=\"{\"335559685\":1440}\"> <\/span><\/li>\n<\/ul>\n<ul>\n<li data-leveltext=\"\uf0b7\" data-font=\"Symbol\" data-listid=\"6\" data-list-defn-props=\"{\"335552541\":1,\"335559684\":-2,\"335559685\":720,\"335559991\":360,\"469769226\":\"Symbol\",\"469769242\":[8226],\"469777803\":\"left\",\"469777804\":\"\uf0b7\",\"469777815\":\"multilevel\"}\" aria-setsize=\"-1\" data-aria-posinset=\"1\" data-aria-level=\"1\"><span data-contrast=\"none\">Continguts que estan exclosos de l&#8217;\u00e0mbit d&#8217;aplicaci\u00f3 del RD 1112\/2018 segons el que s&#8217;estableix per l&#8217;article 3, apartat 4<\/span><span data-ccp-props=\"{\"335559685\":1440}\"> <\/span><\/li>\n<li data-leveltext=\"\uf0b7\" data-font=\"Symbol\" data-listid=\"6\" data-list-defn-props=\"{\"335552541\":1,\"335559684\":-2,\"335559685\":720,\"335559991\":360,\"469769226\":\"Symbol\",\"469769242\":[8226],\"469777803\":\"left\",\"469777804\":\"\uf0b7\",\"469777815\":\"multilevel\"}\" aria-setsize=\"-1\" data-aria-posinset=\"2\" data-aria-level=\"1\"><span data-contrast=\"none\">Continguts que estan exempts del compliment dels requisits d&#8217;accessibilitat per imposar una c\u00e0rrega desproporcionada.<\/span><span data-ccp-props=\"{\"335559685\":1440}\"> <\/span><\/li>\n<\/ul>\n\t\t\t\t\t\t\t\t<\/div>\n\t\t\t\t<\/div>\n\t\t\t\t<div class=\"elementor-element elementor-element-9bd32c1 elementor-widget elementor-widget-heading\" data-id=\"9bd32c1\" data-element_type=\"widget\" data-e-type=\"widget\" data-widget_type=\"heading.default\">\n\t\t\t\t<div class=\"elementor-widget-container\">\n\t\t\t\t\t<h2 class=\"elementor-heading-title elementor-size-default\">PROCEDIMENT DE SOL\u00b7LICITUD<\/h2>\t\t\t\t<\/div>\n\t\t\t\t<\/div>\n\t\t\t\t<div class=\"elementor-element elementor-element-7a5e5ba elementor-widget elementor-widget-text-editor\" data-id=\"7a5e5ba\" data-element_type=\"widget\" data-e-type=\"widget\" data-widget_type=\"text-editor.default\">\n\t\t\t\t<div class=\"elementor-widget-container\">\n\t\t\t\t\t\t\t\t\t<p>Si una vegada presentada una sol\u00b7licitud d&#8217;informaci\u00f3 accessible o una den\u00fancia aquesta hagu\u00e9s estat desestimada, no va estar d&#8217;acord amb la decisi\u00f3 adoptada, o la resposta no va complir amb els requisits previstos en l&#8217;article 12.5, l&#8217;interessat podr\u00e0 iniciar una reclamaci\u00f3.<br \/>Tamb\u00e9 es pot iniciar una reclamaci\u00f3 en el cas que hagi transcorregut el termini de vint dies h\u00e0bils sense obtenir resposta.<br \/>El reclam pot ser presentats a trav\u00e9s de la Inst\u00e0ncia Gen\u00e8rica de la Seu Electr\u00f2nica del Ministeri d&#8217;Assumptes Econ\u00f2mics i Transformaci\u00f3 Digital, aix\u00ed com la resta d&#8217;opcions contingudes en la Llei 39\/2015, d&#8217;1 d&#8217;octubre, de Procediment Administratiu Com\u00fa de les Administracions P\u00fabliques.<br \/>Les reclamacions seran rebudes i processades per la Direcci\u00f3 General d&#8217;Inspecci\u00f3 de Serveis del Ministeri.<\/p>\n\t\t\t\t\t\t\t\t<\/div>\n\t\t\t\t<\/div>\n\t\t\t\t<div class=\"elementor-element elementor-element-b6300ed elementor-widget elementor-widget-heading\" data-id=\"b6300ed\" data-element_type=\"widget\" data-e-type=\"widget\" data-widget_type=\"heading.default\">\n\t\t\t\t<div class=\"elementor-widget-container\">\n\t\t\t\t\t<h2 class=\"elementor-heading-title elementor-size-default\">CONTINGUT OPCIONAL<\/h2>\t\t\t\t<\/div>\n\t\t\t\t<\/div>\n\t\t\t\t<div class=\"elementor-element elementor-element-328ac40 elementor-widget elementor-widget-text-editor\" data-id=\"328ac40\" data-element_type=\"widget\" data-e-type=\"widget\" data-widget_type=\"text-editor.default\">\n\t\t\t\t<div class=\"elementor-widget-container\">\n\t\t\t\t\t\t\t\t\t<p>Aquest portal est\u00e0 dissenyat per a poder canviar la grand\u00e0ria del text i el color, aix\u00ed com el fons de la p\u00e0gina. a trav\u00e9s de les opcions de configuraci\u00f3 est\u00e0ndard del navegador.<br \/>Si desitja canviar la grand\u00e0ria de font del text en els principals navegadors gr\u00e0fics, utilitzi el seg\u00fcent men\u00fas: <\/p>\n<p>Internet Explorer, Mozilla y Firefox: Veure &gt; Grand\u00e0ria del text<br \/>\u00d3pera: Veure &gt; Zoom<br \/>Safari: Veure &gt; Engrandir el text<br \/>Chrome: Controlar la p\u00e0gina actual &gt; Grand\u00e0ria del text<\/p>\n<p>Per a canviar la grand\u00e0ria de tot el que hi ha en la p\u00e0gina:<\/p>\n<p>Ctrl + + per a augmentar-ho<br \/>Ctrl + \u2013 per a disminuir-ho<br \/>Ctrl + 0 restaura la grand\u00e0ria del text original<br \/>Si desitja anul\u00b7lar la fulla de style o canviar el color del text, pot veure la p\u00e0gina Com canviar Grand\u00e0ria de Text o Colors del WAI, que es pot llegir tradu\u00eft a l&#8217;espanyol en Com canviar la grand\u00e0ria del text o Colors?<\/p>\n\t\t\t\t\t\t\t\t<\/div>\n\t\t\t\t<\/div>\n\t\t\t\t\t<\/div>\n\t\t\t\t<\/div>\n\t\t\t\t<\/div>\n\t\t","protected":false},"excerpt":{"rendered":"<p>ACCESSIBILITAT Aquesta declaraci\u00f3 d&#8217;accessibilitat s&#8217;aplica al lloc web expertbcn.com SITUACI\u00d3 DE COMPLIMENT Aquest lloc web compleix parcialment amb l&#8217;RD 1112\/2018 [&hellip;]<\/p>\n","protected":false},"author":1,"featured_media":0,"parent":0,"menu_order":0,"comment_status":"closed","ping_status":"closed","template":"","meta":{"_acf_changed":false,"site-sidebar-layout":"no-sidebar","site-content-layout":"","ast-site-content-layout":"full-width-container","site-content-style":"default","site-sidebar-style":"default","ast-global-header-display":"","ast-banner-title-visibility":"","ast-main-header-display":"","ast-hfb-above-header-display":"","ast-hfb-below-header-display":"","ast-hfb-mobile-header-display":"","site-post-title":"disabled","ast-breadcrumbs-content":"","ast-featured-img":"disabled","footer-sml-layout":"","ast-disable-related-posts":"","theme-transparent-header-meta":"","adv-header-id-meta":"","stick-header-meta":"","header-above-stick-meta":"","header-main-stick-meta":"","header-below-stick-meta":"","astra-migrate-meta-layouts":"default","ast-page-background-enabled":"default","ast-page-background-meta":{"desktop":{"background-color":"var(--ast-global-color-4)","background-image":"","background-repeat":"repeat","background-position":"center center","background-size":"auto","background-attachment":"scroll","background-type":"","background-media":"","overlay-type":"","overlay-color":"","overlay-opacity":"","overlay-gradient":""},"tablet":{"background-color":"","background-image":"","background-repeat":"repeat","background-position":"center center","background-size":"auto","background-attachment":"scroll","background-type":"","background-media":"","overlay-type":"","overlay-color":"","overlay-opacity":"","overlay-gradient":""},"mobile":{"background-color":"","background-image":"","background-repeat":"repeat","background-position":"center center","background-size":"auto","background-attachment":"scroll","background-type":"","background-media":"","overlay-type":"","overlay-color":"","overlay-opacity":"","overlay-gradient":""}},"ast-content-background-meta":{"desktop":{"background-color":"var(--ast-global-color-5)","background-image":"","background-repeat":"repeat","background-position":"center center","background-size":"auto","background-attachment":"scroll","background-type":"","background-media":"","overlay-type":"","overlay-color":"","overlay-opacity":"","overlay-gradient":""},"tablet":{"background-color":"var(--ast-global-color-5)","background-image":"","background-repeat":"repeat","background-position":"center center","background-size":"auto","background-attachment":"scroll","background-type":"","background-media":"","overlay-type":"","overlay-color":"","overlay-opacity":"","overlay-gradient":""},"mobile":{"background-color":"var(--ast-global-color-5)","background-image":"","background-repeat":"repeat","background-position":"center center","background-size":"auto","background-attachment":"scroll","background-type":"","background-media":"","overlay-type":"","overlay-color":"","overlay-opacity":"","overlay-gradient":""}},"footnotes":""},"class_list":["post-1878","page","type-page","status-publish","hentry"],"acf":[],"yoast_head":"<!-- This site is optimized with the Yoast SEO plugin v27.4 - https:\/\/yoast.com\/product\/yoast-seo-wordpress\/ -->\n<title>Accessibilitat - Expert Traitment<\/title>\n<meta name=\"robots\" content=\"index, follow, max-snippet:-1, max-image-preview:large, max-video-preview:-1\" \/>\n<link rel=\"canonical\" href=\"https:\/\/expertbcn.com\/ca\/accessibilitat\/\" \/>\n<meta property=\"og:locale\" content=\"ca_ES\" \/>\n<meta property=\"og:type\" content=\"article\" \/>\n<meta property=\"og:title\" content=\"Accessibilitat - Expert Traitment\" \/>\n<meta property=\"og:description\" content=\"ACCESSIBILITAT Aquesta declaraci\u00f3 d&#8217;accessibilitat s&#8217;aplica al lloc web expertbcn.com SITUACI\u00d3 DE COMPLIMENT Aquest lloc web compleix parcialment amb l&#8217;RD 1112\/2018 [&hellip;]\" \/>\n<meta property=\"og:url\" content=\"https:\/\/expertbcn.com\/ca\/accessibilitat\/\" \/>\n<meta property=\"og:site_name\" content=\"Expert Traitment\" \/>\n<meta property=\"article:modified_time\" content=\"2024-09-09T16:03:13+00:00\" \/>\n<meta name=\"twitter:card\" content=\"summary_large_image\" \/>\n<meta name=\"twitter:label1\" content=\"Temps estimat de lectura\" \/>\n\t<meta name=\"twitter:data1\" content=\"3 minuts\" \/>\n<script type=\"application\/ld+json\" class=\"yoast-schema-graph\">{\"@context\":\"https:\\\/\\\/schema.org\",\"@graph\":[{\"@type\":\"WebPage\",\"@id\":\"https:\\\/\\\/expertbcn.com\\\/ca\\\/accessibilitat\\\/\",\"url\":\"https:\\\/\\\/expertbcn.com\\\/ca\\\/accessibilitat\\\/\",\"name\":\"Accessibilitat - Expert Traitment\",\"isPartOf\":{\"@id\":\"https:\\\/\\\/expertbcn.com\\\/#website\"},\"datePublished\":\"2024-04-24T08:30:07+00:00\",\"dateModified\":\"2024-09-09T16:03:13+00:00\",\"breadcrumb\":{\"@id\":\"https:\\\/\\\/expertbcn.com\\\/ca\\\/accessibilitat\\\/#breadcrumb\"},\"inLanguage\":\"ca\",\"potentialAction\":[{\"@type\":\"ReadAction\",\"target\":[\"https:\\\/\\\/expertbcn.com\\\/ca\\\/accessibilitat\\\/\"]}]},{\"@type\":\"BreadcrumbList\",\"@id\":\"https:\\\/\\\/expertbcn.com\\\/ca\\\/accessibilitat\\\/#breadcrumb\",\"itemListElement\":[{\"@type\":\"ListItem\",\"position\":1,\"name\":\"Home\",\"item\":\"https:\\\/\\\/expertbcn.com\\\/ca\\\/inici\\\/\"},{\"@type\":\"ListItem\",\"position\":2,\"name\":\"Accessibilitat\"}]},{\"@type\":\"WebSite\",\"@id\":\"https:\\\/\\\/expertbcn.com\\\/#website\",\"url\":\"https:\\\/\\\/expertbcn.com\\\/\",\"name\":\"Expert Traitment\",\"description\":\"\",\"publisher\":{\"@id\":\"https:\\\/\\\/expertbcn.com\\\/#organization\"},\"potentialAction\":[{\"@type\":\"SearchAction\",\"target\":{\"@type\":\"EntryPoint\",\"urlTemplate\":\"https:\\\/\\\/expertbcn.com\\\/?s={search_term_string}\"},\"query-input\":{\"@type\":\"PropertyValueSpecification\",\"valueRequired\":true,\"valueName\":\"search_term_string\"}}],\"inLanguage\":\"ca\"},{\"@type\":\"Organization\",\"@id\":\"https:\\\/\\\/expertbcn.com\\\/#organization\",\"name\":\"Expert Traitment\",\"url\":\"https:\\\/\\\/expertbcn.com\\\/\",\"logo\":{\"@type\":\"ImageObject\",\"inLanguage\":\"ca\",\"@id\":\"https:\\\/\\\/expertbcn.com\\\/#\\\/schema\\\/logo\\\/image\\\/\",\"url\":\"https:\\\/\\\/expertbcn.com\\\/wp-content\\\/uploads\\\/2024\\\/04\\\/Recurso-9@4x.png\",\"contentUrl\":\"https:\\\/\\\/expertbcn.com\\\/wp-content\\\/uploads\\\/2024\\\/04\\\/Recurso-9@4x.png\",\"width\":1137,\"height\":379,\"caption\":\"Expert Traitment\"},\"image\":{\"@id\":\"https:\\\/\\\/expertbcn.com\\\/#\\\/schema\\\/logo\\\/image\\\/\"}}]}<\/script>\n<!-- \/ Yoast SEO plugin. -->","yoast_head_json":{"title":"Accessibilitat - Expert Traitment","robots":{"index":"index","follow":"follow","max-snippet":"max-snippet:-1","max-image-preview":"max-image-preview:large","max-video-preview":"max-video-preview:-1"},"canonical":"https:\/\/expertbcn.com\/ca\/accessibilitat\/","og_locale":"ca_ES","og_type":"article","og_title":"Accessibilitat - Expert Traitment","og_description":"ACCESSIBILITAT Aquesta declaraci\u00f3 d&#8217;accessibilitat s&#8217;aplica al lloc web expertbcn.com SITUACI\u00d3 DE COMPLIMENT Aquest lloc web compleix parcialment amb l&#8217;RD 1112\/2018 [&hellip;]","og_url":"https:\/\/expertbcn.com\/ca\/accessibilitat\/","og_site_name":"Expert Traitment","article_modified_time":"2024-09-09T16:03:13+00:00","twitter_card":"summary_large_image","twitter_misc":{"Temps estimat de lectura":"3 minuts"},"schema":{"@context":"https:\/\/schema.org","@graph":[{"@type":"WebPage","@id":"https:\/\/expertbcn.com\/ca\/accessibilitat\/","url":"https:\/\/expertbcn.com\/ca\/accessibilitat\/","name":"Accessibilitat - Expert Traitment","isPartOf":{"@id":"https:\/\/expertbcn.com\/#website"},"datePublished":"2024-04-24T08:30:07+00:00","dateModified":"2024-09-09T16:03:13+00:00","breadcrumb":{"@id":"https:\/\/expertbcn.com\/ca\/accessibilitat\/#breadcrumb"},"inLanguage":"ca","potentialAction":[{"@type":"ReadAction","target":["https:\/\/expertbcn.com\/ca\/accessibilitat\/"]}]},{"@type":"BreadcrumbList","@id":"https:\/\/expertbcn.com\/ca\/accessibilitat\/#breadcrumb","itemListElement":[{"@type":"ListItem","position":1,"name":"Home","item":"https:\/\/expertbcn.com\/ca\/inici\/"},{"@type":"ListItem","position":2,"name":"Accessibilitat"}]},{"@type":"WebSite","@id":"https:\/\/expertbcn.com\/#website","url":"https:\/\/expertbcn.com\/","name":"Expert Traitment","description":"","publisher":{"@id":"https:\/\/expertbcn.com\/#organization"},"potentialAction":[{"@type":"SearchAction","target":{"@type":"EntryPoint","urlTemplate":"https:\/\/expertbcn.com\/?s={search_term_string}"},"query-input":{"@type":"PropertyValueSpecification","valueRequired":true,"valueName":"search_term_string"}}],"inLanguage":"ca"},{"@type":"Organization","@id":"https:\/\/expertbcn.com\/#organization","name":"Expert Traitment","url":"https:\/\/expertbcn.com\/","logo":{"@type":"ImageObject","inLanguage":"ca","@id":"https:\/\/expertbcn.com\/#\/schema\/logo\/image\/","url":"https:\/\/expertbcn.com\/wp-content\/uploads\/2024\/04\/Recurso-9@4x.png","contentUrl":"https:\/\/expertbcn.com\/wp-content\/uploads\/2024\/04\/Recurso-9@4x.png","width":1137,"height":379,"caption":"Expert Traitment"},"image":{"@id":"https:\/\/expertbcn.com\/#\/schema\/logo\/image\/"}}]}},"_links":{"self":[{"href":"https:\/\/expertbcn.com\/ca\/wp-json\/wp\/v2\/pages\/1878","targetHints":{"allow":["GET"]}}],"collection":[{"href":"https:\/\/expertbcn.com\/ca\/wp-json\/wp\/v2\/pages"}],"about":[{"href":"https:\/\/expertbcn.com\/ca\/wp-json\/wp\/v2\/types\/page"}],"author":[{"embeddable":true,"href":"https:\/\/expertbcn.com\/ca\/wp-json\/wp\/v2\/users\/1"}],"replies":[{"embeddable":true,"href":"https:\/\/expertbcn.com\/ca\/wp-json\/wp\/v2\/comments?post=1878"}],"version-history":[{"count":1,"href":"https:\/\/expertbcn.com\/ca\/wp-json\/wp\/v2\/pages\/1878\/revisions"}],"predecessor-version":[{"id":1879,"href":"https:\/\/expertbcn.com\/ca\/wp-json\/wp\/v2\/pages\/1878\/revisions\/1879"}],"wp:attachment":[{"href":"https:\/\/expertbcn.com\/ca\/wp-json\/wp\/v2\/media?parent=1878"}],"curies":[{"name":"wp","href":"https:\/\/api.w.org\/{rel}","templated":true}]}}